{"id":107064,"date":"2025-01-09T08:50:41","date_gmt":"2025-01-09T07:50:41","guid":{"rendered":"https:\/\/dze-csv.it\/?page_id=107064"},"modified":"2025-01-09T08:50:56","modified_gmt":"2025-01-09T07:50:56","slug":"consulenza-archivistica","status":"publish","type":"page","link":"https:\/\/dze-csv.it\/it\/consulenza-archivistica\/","title":{"rendered":"Consulenza archivistica"},"content":{"rendered":"<div class=\"wpb-content-wrapper\"><p>[vc_row row_height_percent=&#8221;0&#8243; overlay_alpha=&#8221;50&#8243; gutter_size=&#8221;3&#8243; column_width_percent=&#8221;100&#8243; shift_y=&#8221;0&#8243; z_index=&#8221;0&#8243; medium_visibility=&#8221;yes&#8221; mobile_visibility=&#8221;yes&#8221; inverted_device_order=&#8221;yes&#8221;][vc_column width=&#8221;1\/1&#8243;][uncode_slider slider_interval=&#8221;5000&#8243; slider_navspeed=&#8221;400&#8243; slider_loop=&#8221;yes&#8221; slider_hide_arrows=&#8221;yes&#8221; slider_dot_position=&#8221;left&#8221; slider_dot_width=&#8221;limit&#8221; slider_width_percent=&#8221;100&#8243; h_padding=&#8221;2&#8243; slider_dot_align=&#8221;left&#8221;][vc_row_inner row_inner_height_percent=&#8221;100&#8243; back_color=&#8221;color-134241&#8243; overlay_alpha=&#8221;20&#8243; gutter_size=&#8221;4&#8243; shift_y=&#8221;0&#8243; z_index=&#8221;0&#8243; el_class=&#8221;versicherungsschutz&#8221; row_height_pixel=&#8221;400px&#8221; uncode_shortcode_id=&#8221;754822&#8243; back_color_type=&#8221;uncode-palette&#8221;][vc_column_inner column_width_use_pixel=&#8221;yes&#8221; position_horizontal=&#8221;left&#8221; position_vertical=&#8221;bottom&#8221; gutter_size=&#8221;2&#8243; style=&#8221;dark&#8221; overlay_alpha=&#8221;50&#8243; shift_x=&#8221;0&#8243; shift_y=&#8221;0&#8243; shift_y_down=&#8221;0&#8243; z_index=&#8221;0&#8243; medium_width=&#8221;0&#8243; mobile_width=&#8221;0&#8243; css_animation=&#8221;right-t-left&#8221; zoom_width=&#8221;0&#8243; zoom_height=&#8221;0&#8243; width=&#8221;1\/1&#8243; column_width_pixel=&#8221;500&#8243; css=&#8221;.vc_custom_1588760738692{padding-left: 36px !important;}&#8221;][vc_custom_heading heading_semantic=&#8221;h1&#8243; text_font=&#8221;font-255343&#8243; text_weight=&#8221;400&#8243; text_space=&#8221;fontspace-781688&#8243; uncode_shortcode_id=&#8221;162863&#8243;]Consulenza archivistica[\/vc_custom_heading][vc_custom_heading text_size=&#8221;h3&#8243; text_weight=&#8221;300&#8243; uncode_shortcode_id=&#8221;114526&#8243;]Digitalizzazione massiva, classificazione e catalogazione di archivi analogici e digitali[\/vc_custom_heading][vc_empty_space empty_h=&#8221;1&#8243;][vc_separator sep_color=&#8221;,Default&#8221;][\/vc_column_inner][\/vc_row_inner][\/uncode_slider][\/vc_column][\/vc_row][vc_row row_height_percent=&#8221;0&#8243; overlay_alpha=&#8221;50&#8243; gutter_size=&#8221;3&#8243; column_width_percent=&#8221;100&#8243; shift_y=&#8221;0&#8243; z_index=&#8221;0&#8243; desktop_visibility=&#8221;yes&#8221;][vc_column width=&#8221;1\/1&#8243;][uncode_slider slider_interval=&#8221;5000&#8243; slider_navspeed=&#8221;400&#8243; slider_loop=&#8221;yes&#8221; slider_hide_arrows=&#8221;yes&#8221; slider_dot_position=&#8221;left&#8221; slider_dot_width=&#8221;limit&#8221; slider_width_percent=&#8221;100&#8243; h_padding=&#8221;2&#8243; slider_dot_align=&#8221;left&#8221;][vc_row_inner row_inner_height_percent=&#8221;100&#8243; back_color=&#8221;color-134241&#8243; overlay_alpha=&#8221;20&#8243; gutter_size=&#8221;4&#8243; shift_y=&#8221;0&#8243; z_index=&#8221;0&#8243;][vc_column_inner column_width_use_pixel=&#8221;yes&#8221; position_horizontal=&#8221;left&#8221; position_vertical=&#8221;bottom&#8221; gutter_size=&#8221;2&#8243; style=&#8221;dark&#8221; overlay_alpha=&#8221;50&#8243; shift_x=&#8221;0&#8243; shift_y=&#8221;0&#8243; shift_y_down=&#8221;0&#8243; z_index=&#8221;0&#8243; medium_width=&#8221;0&#8243; mobile_width=&#8221;0&#8243; css_animation=&#8221;right-t-left&#8221; animation_delay=&#8221;600&#8243; zoom_width=&#8221;0&#8243; zoom_height=&#8221;0&#8243; width=&#8221;1\/1&#8243; column_width_pixel=&#8221;500&#8243; css=&#8221;.vc_custom_1588760673047{padding-left: 2rem !important;}&#8221;][vc_custom_heading text_font=&#8221;font-255343&#8243; text_size=&#8221;fontsize-338686&#8243; text_weight=&#8221;200&#8243; text_space=&#8221;fontspace-781688&#8243; uncode_shortcode_id=&#8221;170815&#8243;]Consulenza archivistica[\/vc_custom_heading][vc_custom_heading text_size=&#8221;h3&#8243; text_weight=&#8221;300&#8243; uncode_shortcode_id=&#8221;604823&#8243;]<\/p>\n<p class=\"p1\">Digitalizzazione massiva, classificazione e catalogazione di archivi analogici e digitali<\/p>\n<p>[\/vc_custom_heading][vc_empty_space empty_h=&#8221;1&#8243;][vc_separator sep_color=&#8221;,Default&#8221;][\/vc_column_inner][\/vc_row_inner][\/uncode_slider][\/vc_column][\/vc_row][vc_row][vc_column column_width_percent=&#8221;80&#8243; gutter_size=&#8221;3&#8243; overlay_alpha=&#8221;50&#8243; shift_x=&#8221;0&#8243; shift_y=&#8221;0&#8243; shift_y_down=&#8221;0&#8243; z_index=&#8221;0&#8243; medium_width=&#8221;0&#8243; mobile_width=&#8221;0&#8243; css_animation=&#8221;left-t-right&#8221; width=&#8221;1\/3&#8243;][vc_empty_space empty_h=&#8221;2&#8243;][vc_separator sep_color=&#8221;color-134241&#8243;][vc_single_image media=&#8221;107066&#8243; media_width_percent=&#8221;100&#8243; shape=&#8221;img-round&#8221; shadow=&#8221;yes&#8221; shadow_weight=&#8221;sm&#8221; uncode_shortcode_id=&#8221;148964&#8243;][vc_custom_heading text_font=&#8221;font-255343&#8243; el_class=&#8221;title&#8221; uncode_shortcode_id=&#8221;593718&#8243;]Massimo Cruciotti[\/vc_custom_heading][vc_button button_color=&#8221;color-134241&#8243; wide=&#8221;yes&#8221; custom_typo=&#8221;yes&#8221; font_family=&#8221;font-255343&#8243; font_weight=&#8221;500&#8243; italic=&#8221;yes&#8221; border_width=&#8221;0&#8243; css_animation=&#8221;bottom-t-top&#8221; link=&#8221;url:mailto%3Ainfo%40dze-csv.it|target:_blank&#8221; button_color_type=&#8221;uncode-palette&#8221; uncode_shortcode_id=&#8221;193349&#8243;]Richiedi consulenza[\/vc_button][\/vc_column][vc_column column_width_percent=&#8221;100&#8243; gutter_size=&#8221;3&#8243; overlay_alpha=&#8221;50&#8243; shift_x=&#8221;0&#8243; shift_y=&#8221;0&#8243; shift_y_down=&#8221;0&#8243; z_index=&#8221;0&#8243; medium_width=&#8221;0&#8243; mobile_width=&#8221;0&#8243; css_animation=&#8221;right-t-left&#8221; width=&#8221;2\/3&#8243;][vc_empty_space empty_h=&#8221;2&#8243;][vc_separator sep_color=&#8221;color-wvjs&#8221;][vc_column_text uncode_shortcode_id=&#8221;433384&#8243;]<strong>Consulenza:<\/strong><\/p>\n<p>Le consulenze disponibili possono riguardare i seguenti temi:<\/p>\n<ul>\n<li>Riordino, classificazione e catalogazione di archivi analogici e digitali<\/li>\n<li>Esternalizzazione e gestione di archivi analogici e digitali<\/li>\n<li>Consulenza archivistica<\/li>\n<li>Digitalizzazione massiva con certificazione di processo<\/li>\n<li>Analisi mirata alla valutazione dei rischi in ambito museale, archivistico e bibliotecario<\/li>\n<li>Redazione di PSEM Piani Sicurezza Emergenza per la messa in sicurezza delle opere<\/li>\n<li>Formazione in ambito sicurezza, prevenzione e gestione delle emergenze per la protezione ed il recupero di beni artistici e culturali.<\/li>\n<\/ul>\n<p>[\/vc_column_text][vc_column_text uncode_shortcode_id=&#8221;373196&#8243;]<strong>Massimo Cruciotti:<\/strong><\/p>\n<p>Massimo Cruciotti \u00e8 nato a Roma e vive con sua moglie Claudia e i due amati figli Mattia e Martin a Bolzano dal 2003. Laureato in Scienze della comunicazione presso l\u2019Universit\u00e0 di Perugia, ha conseguito un Executive Master in Management dell\u2019Arte e dei Beni Culturali presso 24 ore Business School. Imprenditore, fondatore e CEO della societ\u00e0 benefit Mazzini Lab www.mazzinilab.it, con sedi in Roma, Bolzano e Milano, si occupa da oltre 25 anni di valorizzazione, messa in sicurezza e protezione di archivi cartacei e digitali. Come consulente ed esperto ha maturato una consolidata esperienza per pi\u00f9 di 150 clienti in ambito pubblico e privato, supportandoli nelle attivit\u00e0 di digitalizzazione, nell\u2019automazione dei processi e nella gestione dell\u2019intero ciclo di vita dei documenti. Ha fondato nel 2009 l&#8217;associazione no profit SOS ARCHIVI ETS www.sosarchivi.it ricoprendo nei primi cinque anni di attivit\u00e0 il ruolo di segretario. Nel 2014 \u00e8 stato eletto Presidente dell&#8217;associazione, e tutt&#8217;ora ricopre questo incarico.<\/p>\n<p>Dal 2013, \u00e8 entrato a far parte della Commissione Beni Culturali dell&#8217;Ordine Nazionale dei Biologi. Dal 2017 \u00e8 membro del Blue Shield Expert Network, dal 2024 \u00e8 socio e membro del Comitato scientifico dell\u2019associazione Blue Shield Italia ETS.[\/vc_column_text][\/vc_column][\/vc_row][vc_row][vc_column width=&#8221;1\/1&#8243;][vc_empty_space empty_h=&#8221;2&#8243;][\/vc_column][\/vc_row]<\/p>\n<\/div>","protected":false},"excerpt":{"rendered":"<p>[vc_row row_height_percent=&#8221;0&#8243; overlay_alpha=&#8221;50&#8243; gutter_size=&#8221;3&#8243; column_width_percent=&#8221;100&#8243; shift_y=&#8221;0&#8243; z_index=&#8221;0&#8243; medium_visibility=&#8221;yes&#8221; mobile_visibility=&#8221;yes&#8221; inverted_device_order=&#8221;yes&#8221;][vc_column width=&#8221;1\/1&#8243;][uncode_slider slider_interval=&#8221;5000&#8243; slider_navspeed=&#8221;400&#8243; slider_loop=&#8221;yes&#8221; slider_hide_arrows=&#8221;yes&#8221; slider_dot_position=&#8221;left&#8221; slider_dot_width=&#8221;limit&#8221; slider_width_percent=&#8221;100&#8243; h_padding=&#8221;2&#8243; slider_dot_align=&#8221;left&#8221;][vc_row_inner [&hellip;]<\/p>\n","protected":false},"author":3,"featured_media":0,"parent":0,"menu_order":12,"comment_status":"closed","ping_status":"closed","template":"","meta":{"_acf_changed":false,"footnotes":""},"class_list":["post-107064","page","type-page","status-publish","hentry"],"acf":[],"_links":{"self":[{"href":"https:\/\/dze-csv.it\/it\/wp-json\/wp\/v2\/pages\/107064","targetHints":{"allow":["GET"]}}],"collection":[{"href":"https:\/\/dze-csv.it\/it\/wp-json\/wp\/v2\/pages"}],"about":[{"href":"https:\/\/dze-csv.it\/it\/wp-json\/wp\/v2\/types\/page"}],"author":[{"embeddable":true,"href":"https:\/\/dze-csv.it\/it\/wp-json\/wp\/v2\/users\/3"}],"replies":[{"embeddable":true,"href":"https:\/\/dze-csv.it\/it\/wp-json\/wp\/v2\/comments?post=107064"}],"version-history":[{"count":2,"href":"https:\/\/dze-csv.it\/it\/wp-json\/wp\/v2\/pages\/107064\/revisions"}],"predecessor-version":[{"id":107070,"href":"https:\/\/dze-csv.it\/it\/wp-json\/wp\/v2\/pages\/107064\/revisions\/107070"}],"wp:attachment":[{"href":"https:\/\/dze-csv.it\/it\/wp-json\/wp\/v2\/media?parent=107064"}],"curies":[{"name":"wp","href":"https:\/\/api.w.org\/{rel}","templated":true}]}}