{"id":82455,"date":"2019-10-23T10:58:37","date_gmt":"2019-10-23T08:58:37","guid":{"rendered":"https:\/\/dze-csv.it\/?page_id=82455"},"modified":"2020-07-06T10:39:31","modified_gmt":"2020-07-06T08:39:31","slug":"csv","status":"publish","type":"page","link":"https:\/\/dze-csv.it\/it\/csv\/","title":{"rendered":"CSV"},"content":{"rendered":"<div class=\"wpb-content-wrapper\"><p>[vc_row row_height_percent=&#8221;0&#8243; overlay_alpha=&#8221;50&#8243; gutter_size=&#8221;3&#8243; column_width_percent=&#8221;100&#8243; shift_y=&#8221;0&#8243; z_index=&#8221;0&#8243; medium_visibility=&#8221;yes&#8221; mobile_visibility=&#8221;yes&#8221; inverted_device_order=&#8221;yes&#8221;][vc_column width=&#8221;1\/1&#8243;][uncode_slider slider_interval=&#8221;5000&#8243; slider_navspeed=&#8221;400&#8243; slider_loop=&#8221;yes&#8221; slider_hide_arrows=&#8221;yes&#8221; slider_dot_position=&#8221;left&#8221; slider_dot_width=&#8221;limit&#8221; slider_width_percent=&#8221;100&#8243; h_padding=&#8221;2&#8243; slider_dot_align=&#8221;left&#8221;][vc_row_inner row_inner_height_percent=&#8221;100&#8243; back_color=&#8221;accent&#8221; back_image=&#8221;78937&#8243; overlay_alpha=&#8221;20&#8243; gutter_size=&#8221;4&#8243; shift_y=&#8221;0&#8243; z_index=&#8221;0&#8243; el_class=&#8221;versicherungsschutz&#8221; row_height_pixel=&#8221;400px&#8221;][vc_column_inner column_width_use_pixel=&#8221;yes&#8221; position_horizontal=&#8221;left&#8221; position_vertical=&#8221;bottom&#8221; gutter_size=&#8221;2&#8243; style=&#8221;dark&#8221; overlay_alpha=&#8221;50&#8243; shift_x=&#8221;0&#8243; shift_y=&#8221;0&#8243; shift_y_down=&#8221;0&#8243; z_index=&#8221;0&#8243; medium_width=&#8221;0&#8243; mobile_width=&#8221;0&#8243; css_animation=&#8221;right-t-left&#8221; zoom_width=&#8221;0&#8243; zoom_height=&#8221;0&#8243; width=&#8221;1\/1&#8243; column_width_pixel=&#8221;500&#8243; css=&#8221;.vc_custom_1588760738692{padding-left: 36px !important;}&#8221;][vc_custom_heading heading_semantic=&#8221;h1&#8243; text_font=&#8221;font-255343&#8243; text_size=&#8221;fontsize-155944&#8243; text_weight=&#8221;200&#8243; text_space=&#8221;fontspace-781688&#8243;]CSV Alto Adige &#8211; \u201eattivi per gli attivi\u201c[\/vc_custom_heading][vc_custom_heading text_size=&#8221;h3&#8243; text_weight=&#8221;300&#8243;]Rete, educazione, riconoscimento<br \/>\nper il volontariato[\/vc_custom_heading][vc_empty_space empty_h=&#8221;1&#8243;][vc_separator][\/vc_column_inner][\/vc_row_inner][\/uncode_slider][\/vc_column][\/vc_row][vc_row row_height_percent=&#8221;0&#8243; overlay_alpha=&#8221;50&#8243; gutter_size=&#8221;3&#8243; column_width_percent=&#8221;100&#8243; shift_y=&#8221;0&#8243; z_index=&#8221;0&#8243; desktop_visibility=&#8221;yes&#8221;][vc_column width=&#8221;1\/1&#8243;][uncode_slider slider_interval=&#8221;5000&#8243; slider_navspeed=&#8221;400&#8243; slider_loop=&#8221;yes&#8221; slider_hide_arrows=&#8221;yes&#8221; slider_dot_position=&#8221;left&#8221; slider_dot_width=&#8221;limit&#8221; slider_width_percent=&#8221;100&#8243; h_padding=&#8221;2&#8243; slider_dot_align=&#8221;left&#8221;][vc_row_inner row_inner_height_percent=&#8221;100&#8243; back_color=&#8221;color-134241&#8243; overlay_alpha=&#8221;20&#8243; gutter_size=&#8221;4&#8243; shift_y=&#8221;0&#8243; z_index=&#8221;0&#8243;][vc_column_inner column_width_use_pixel=&#8221;yes&#8221; position_horizontal=&#8221;left&#8221; position_vertical=&#8221;bottom&#8221; gutter_size=&#8221;2&#8243; style=&#8221;dark&#8221; overlay_alpha=&#8221;50&#8243; shift_x=&#8221;0&#8243; shift_y=&#8221;0&#8243; shift_y_down=&#8221;0&#8243; z_index=&#8221;0&#8243; medium_width=&#8221;0&#8243; mobile_width=&#8221;0&#8243; css_animation=&#8221;right-t-left&#8221; animation_delay=&#8221;600&#8243; zoom_width=&#8221;0&#8243; zoom_height=&#8221;0&#8243; width=&#8221;1\/1&#8243; column_width_pixel=&#8221;500&#8243; css=&#8221;.vc_custom_1588760673047{padding-left: 2rem !important;}&#8221;][vc_custom_heading heading_semantic=&#8221;h1&#8243; text_font=&#8221;font-255343&#8243; text_size=&#8221;fontsize-155944&#8243; text_weight=&#8221;200&#8243; text_space=&#8221;fontspace-781688&#8243;]CSV Alto Adige &#8211; \u201eattivi per gli attivi\u201c[\/vc_custom_heading][vc_custom_heading text_size=&#8221;h3&#8243; text_weight=&#8221;300&#8243;]Rete, educazione, riconoscimento<br \/>\nper il volontariato[\/vc_custom_heading][vc_empty_space empty_h=&#8221;1&#8243;][vc_separator][\/vc_column_inner][\/vc_row_inner][\/uncode_slider][\/vc_column][\/vc_row][vc_row row_height_percent=&#8221;0&#8243; overlay_alpha=&#8221;50&#8243; gutter_size=&#8221;3&#8243; column_width_percent=&#8221;100&#8243; shift_y=&#8221;0&#8243; z_index=&#8221;0&#8243;][vc_column width=&#8221;1\/1&#8243;][vc_empty_space empty_h=&#8221;2&#8243;][vc_single_image media=&#8221;82485&#8243; media_width_percent=&#8221;100&#8243; shadow=&#8221;yes&#8221; shadow_weight=&#8221;std&#8221; advanced=&#8221;yes&#8221; media_items=&#8221;media|original,icon|xl&#8221; media_overlay_coloration=&#8221;top_gradient&#8221; media_overlay_opacity=&#8221;40&#8243; media_h_align=&#8221;center&#8221; media_h_position=&#8221;center&#8221; media_padding=&#8221;2&#8243; media_icon=&#8221;fa fa-play&#8221; media_link=&#8221;url:https%3A%2F%2Fwww.youtube.com%2Fwatch%3Fv%3DA5Tg1wZpZ-8|title:CSV%20Alto%20Adige%3A%20il%20Volontariato%20diventa%20protagonista|target:%20_blank|&#8221;][vc_empty_space empty_h=&#8221;2&#8243;][vc_custom_heading]<\/p>\n<h1>IL CSV Alto Adige \u00e8 operativo dal 01.02.2019<\/h1>\n<p>[\/vc_custom_heading][\/vc_column][\/vc_row][vc_row][vc_column column_width_percent=&#8221;100&#8243; gutter_size=&#8221;3&#8243; overlay_alpha=&#8221;50&#8243; shift_x=&#8221;0&#8243; shift_y=&#8221;0&#8243; shift_y_down=&#8221;0&#8243; z_index=&#8221;0&#8243; medium_width=&#8221;0&#8243; mobile_width=&#8221;0&#8243; css_animation=&#8221;left-t-right&#8221; width=&#8221;1\/3&#8243; css=&#8221;.vc_custom_1589467654595{padding-right: 15% !important;}&#8221;][vc_separator sep_color=&#8221;color-134241&#8243;][vc_custom_heading text_font=&#8221;font-255343&#8243; text_weight=&#8221;300&#8243; text_height=&#8221;fontheight-357766&#8243; text_space=&#8221;fontspace-781688&#8243;]Chi siamo?[\/vc_custom_heading][\/vc_column][vc_column column_width_percent=&#8221;100&#8243; gutter_size=&#8221;3&#8243; overlay_alpha=&#8221;50&#8243; shift_x=&#8221;0&#8243; shift_y=&#8221;0&#8243; shift_y_down=&#8221;0&#8243; z_index=&#8221;0&#8243; medium_width=&#8221;0&#8243; mobile_width=&#8221;0&#8243; css_animation=&#8221;right-t-left&#8221; width=&#8221;2\/3&#8243;][vc_separator sep_color=&#8221;color-wvjs&#8221;][vc_accordion active_tab=&#8221;none&#8221;][vc_accordion_tab title=&#8221;Costituzione&#8221; tab_id=&#8221;1589464939-1-741589468859722&#8243;][vc_column_text]Il 28 dicembre 2017, 28 associazioni e organizzazioni di volontariato dell\u2019Alto Adige hanno fondato l\u2019associazione\u00a0<strong>Centro Servizi per il Volontariato Alto Adige ODV<\/strong>\u00a0con l\u2019obiettivo di farla accreditare come unico\u00a0<strong>CSV in Alto Adige<\/strong>\u00a0gestito dagli stessi soci.[\/vc_column_text][\/vc_accordion_tab][vc_accordion_tab title=&#8221;Il piano&#8221; tab_id=&#8221;1589464939-2-21589468859722&#8243;][vc_column_text]Poich\u00e9 la riforma statale del volontariato in Alto Adige porter\u00e0 allo scioglimento del fondo speciale per il volontariato, questo centro potrebbe in futuro gestire i fondi messi a disposizione per il volontariato e utilizzarli, ad esempio, per la consulenza legale e fiscale delle associazioni di volontariato nonch\u00e9 per l\u2019assistenza per la costituzione associativa. Fino ad allora, questi compiti sono stati svolti dall\u2019Ufficio Affari di gabinetto tramite i mezzi del Fondo speciale.[\/vc_column_text][\/vc_accordion_tab][vc_accordion_tab title=&#8221;Rappresentanza delle associazioni a livello provinciale&#8221; tab_id=&#8221;1589465390421-2-41589468859722&#8243;][vc_column_text]<strong>I 28 membri fondatori del Centro Servizi per il Volontariato Alto Adige ODV\u00a0provengono da tutti i settori del sistema associativo<\/strong>\u00a0(sociale e sanit\u00e0, cultura, istruzione, sport, tempo libero, protezione civile, natura e tutela dell\u2019ambiente) rispecchiando quindi i settori maggiormente rappresentativi delle associazioni locali e di tutti e tre i gruppi linguistici. Si tratta quindi di un primo passo verso una maggiore interconnessione. Parole di incoraggiamento in tal senso sono state pronunciate dal\u00a0<strong>presidente della Provincia Arno Kompatscher<\/strong>\u00a0in occasione di un incontro il 20 novembre 2017, nell\u2019ambito del quale i rappresentanti delle associazioni di volontariato erano stati informati dai rappresentanti dell\u2019Ufficio Affari di gabinetto sul nuovo quadro giuridico connesso con il processo di riforma. Kompatscher aveva sottolineato che la nuova situazione normativa non comporta solamente una grande sfida a livello nazionale ma anche una serie di opportunit\u00e0 per rafforzare e connettere ancora pi\u00f9 attivamente l\u2019associazionismo in Alto Adige. Anche\u00a0<strong>Konrad Bergmeister, presidente della Fondazione Cassa di Risparmio<\/strong>\u00a0che a sua volta ha sostenuto le associazioni nella fase di costituzione, si rallegra per il fatto che cos\u00ec tante associazioni di volontariato si siano messe ad un tavolo con l\u2019intenzione di perseguire insieme degli interessi comuni.[\/vc_column_text][\/vc_accordion_tab][vc_accordion_tab title=&#8221;Consiglio direttivo e Collegio dei revisori dei conti&#8221; tab_id=&#8221;1589465418600-3-01589468859722&#8243;][vc_column_text]Nella\u00a0<strong>prima assemblea generale del maggio 2018<\/strong>\u00a0\u00e8 stato eletto, oltre al Consiglio direttivo composto da 9 membri, anche il Collegio dei revisori dei conti. Il Consiglio ha eletto tra le sue fila\u00a0<strong>Martina De Zordo<\/strong>\u00a0come presidente e\u00a0<strong>Sergio Bonagura<\/strong>(CSCV) come sua vice. Come ulteriori membri del Consiglio direttivo sono stati nominati:\u00a0<strong>Klaus Runer<\/strong>\u00a0(S\u00fcdtiroler Theaterverband),\u00a0<strong>Egon Zemmer<\/strong>\u00a0(Compagnia degli Sch\u00fctzen di Ortisei),\u00a0<strong>Georg Leimst\u00e4dtner<\/strong>\u00a0(Federazione per il Sociale e la Sanit\u00e0),\u00a0<strong>Luisa Gnecchi<\/strong>\u00a0(Centro Auser),\u00a0<strong>G\u00fcnther Andergassen<\/strong>\u00a0(Unione delle Societ\u00e0 Sportive Altoatesine),\u00a0<strong>Ivo Bonamico<\/strong>(Croce Bianca),\u00a0<strong>Gislar Sulzenbacher<\/strong>\u00a0(AVS).\u00a0<strong>Renate Mattivi<\/strong>\u00a0e\u00a0<strong>Lodovico Comploj<\/strong>\u00a0sono stati nominati revisori dei conti.[\/vc_column_text][\/vc_accordion_tab][\/vc_accordion][\/vc_column][\/vc_row][vc_row][vc_column column_width_percent=&#8221;100&#8243; gutter_size=&#8221;3&#8243; overlay_alpha=&#8221;50&#8243; shift_x=&#8221;0&#8243; shift_y=&#8221;0&#8243; shift_y_down=&#8221;0&#8243; z_index=&#8221;0&#8243; medium_width=&#8221;0&#8243; mobile_width=&#8221;0&#8243; css_animation=&#8221;left-t-right&#8221; width=&#8221;1\/3&#8243; css=&#8221;.vc_custom_1589467664028{padding-right: 15% !important;}&#8221;][vc_separator sep_color=&#8221;color-134241&#8243;][vc_custom_heading text_font=&#8221;font-255343&#8243; text_weight=&#8221;300&#8243; text_height=&#8221;fontheight-357766&#8243; text_space=&#8221;fontspace-781688&#8243;]La nostra missione[\/vc_custom_heading][\/vc_column][vc_column column_width_percent=&#8221;100&#8243; gutter_size=&#8221;3&#8243; overlay_alpha=&#8221;50&#8243; shift_x=&#8221;0&#8243; shift_y=&#8221;0&#8243; shift_y_down=&#8221;0&#8243; z_index=&#8221;0&#8243; medium_width=&#8221;0&#8243; mobile_width=&#8221;0&#8243; css_animation=&#8221;right-t-left&#8221; width=&#8221;2\/3&#8243;][vc_separator sep_color=&#8221;color-wvjs&#8221;][vc_column_text text_lead=&#8221;yes&#8221;]<\/p>\n<p class=\"ox-7733018a5e-MsoNormal\">Poich\u00e9 la riforma statale del volontariato in Alto Adige porter\u00e0 allo scioglimento del Fondo Speciale per il Volontariato, il CSV Alto Adige avr\u00e0 in futuro tra l\u2019altro il compito di gestire i fondi messi a disposizione per il volontariato.<\/p>\n<p class=\"ox-7733018a5e-MsoNormal\">Un ulteriore elemento essenziale \u00e8 costituito dalla consulenza giuridica\/legale alle associazioni di volontariato, dal supporto fornito alle stesse all\u2019atto della loro costituzione e dall\u2019assistenza nell\u2019affrontare le pi\u00f9 diverse tematiche.<\/p>\n<p class=\"ox-7733018a5e-MsoNormal\">Rappresentiamo pertanto un utile completamento dell\u2019Ufficio Relazioni estere e volontariato della Provincia.<\/p>\n<p>[\/vc_column_text][\/vc_column][\/vc_row][vc_row][vc_column column_width_percent=&#8221;100&#8243; gutter_size=&#8221;3&#8243; overlay_alpha=&#8221;50&#8243; shift_x=&#8221;0&#8243; shift_y=&#8221;0&#8243; shift_y_down=&#8221;0&#8243; z_index=&#8221;0&#8243; medium_width=&#8221;0&#8243; mobile_width=&#8221;0&#8243; css_animation=&#8221;left-t-right&#8221; width=&#8221;1\/3&#8243; css=&#8221;.vc_custom_1589467672619{padding-right: 15% !important;}&#8221;][vc_separator sep_color=&#8221;color-134241&#8243;][vc_custom_heading text_font=&#8221;font-255343&#8243; text_weight=&#8221;300&#8243; text_height=&#8221;fontheight-357766&#8243; text_space=&#8221;fontspace-781688&#8243;]Linee guida del CSV Alto Adige[\/vc_custom_heading][\/vc_column][vc_column column_width_percent=&#8221;100&#8243; gutter_size=&#8221;3&#8243; overlay_alpha=&#8221;50&#8243; shift_x=&#8221;0&#8243; shift_y=&#8221;0&#8243; shift_y_down=&#8221;0&#8243; z_index=&#8221;0&#8243; medium_width=&#8221;0&#8243; mobile_width=&#8221;0&#8243; css_animation=&#8221;right-t-left&#8221; width=&#8221;2\/3&#8243;][vc_separator sep_color=&#8221;color-wvjs&#8221;][vc_accordion active_tab=&#8221;none&#8221;][vc_accordion_tab title=&#8221;Noi promuoviamo il riconoscimento e la stima dell\u2019impegno da parte dei volontari&#8221; tab_id=&#8221;1589464939-1-7415894654699911589469046505&#8243;][vc_column_text]<\/p>\n<ul>\n<li style=\"list-style-type: none;\">\n<ul>\n<li>Noi sensibilizziamo per il valore del volontariato e per l\u2019utilit\u00e0 sociale del lavoro di volontariato<\/li>\n<li>Noi promuoviamo il volontariato attraverso la cultura della solidariet\u00e0 e dell\u2019impegno attivo dei cittadini, garante per la qualit\u00e0 della vita<\/li>\n<li>Noi promuoviamo lo sviluppo della qualit\u00e0 e investia\u00admo nella sicurezza delle associazioni di volontariato<\/li>\n<\/ul>\n<\/li>\n<\/ul>\n<p>[\/vc_column_text][\/vc_accordion_tab][vc_accordion_tab title=&#8221;Noi organizziamo l\u2019aggiornamento e la formazione per volontari ed impiegati a tempo pieno&#8221; tab_id=&#8221;1589464939-2-215894654699911589469046505&#8243;][vc_column_text]<\/p>\n<ul>\n<li style=\"list-style-type: none;\">\n<ul>\n<li>Offriamo alle associazioni delle proposte di consulenza e di supporto nonch\u00e9 di partecipazione ai processi<\/li>\n<li>Offriamo servizi di comunicazione e di informazione, con lo scopo di garantire la qualit\u00e0 e la quantit\u00e0 delle conoscenze necessarie<\/li>\n<li>Leadership moderna e management, alto livello di competenza ed ottima qualit\u00e0 rappresentano i nostri obiettivi<\/li>\n<\/ul>\n<\/li>\n<\/ul>\n<p>[\/vc_column_text][\/vc_accordion_tab][vc_accordion_tab title=&#8221;Noi promuoviamo il lavoro..&#8221; tab_id=&#8221;1589465716959-2-61589469046505&#8243;][vc_column_text]in rete, tra le associazioni con altri importanti rappresentanti della societ\u00e0 per la promozione sociale, con partners nazionali ed internazionali.[\/vc_column_text][\/vc_accordion_tab][\/vc_accordion][\/vc_column][\/vc_row][vc_row][vc_column width=&#8221;1\/1&#8243;][vc_empty_space empty_h=&#8221;2&#8243;][\/vc_column][\/vc_row]<\/p>\n<\/div>","protected":false},"excerpt":{"rendered":"<p>[vc_row row_height_percent=&#8221;0&#8243; overlay_alpha=&#8221;50&#8243; gutter_size=&#8221;3&#8243; column_width_percent=&#8221;100&#8243; shift_y=&#8221;0&#8243; z_index=&#8221;0&#8243; medium_visibility=&#8221;yes&#8221; mobile_visibility=&#8221;yes&#8221; inverted_device_order=&#8221;yes&#8221;][vc_column width=&#8221;1\/1&#8243;][uncode_slider slider_interval=&#8221;5000&#8243; slider_navspeed=&#8221;400&#8243; slider_loop=&#8221;yes&#8221; slider_hide_arrows=&#8221;yes&#8221; slider_dot_position=&#8221;left&#8221; slider_dot_width=&#8221;limit&#8221; slider_width_percent=&#8221;100&#8243; h_padding=&#8221;2&#8243; slider_dot_align=&#8221;left&#8221;][vc_row_inner [&hellip;]<\/p>\n","protected":false},"author":3,"featured_media":0,"parent":0,"menu_order":2,"comment_status":"closed","ping_status":"closed","template":"","meta":{"_acf_changed":false,"footnotes":""},"class_list":["post-82455","page","type-page","status-publish","hentry"],"acf":[],"_links":{"self":[{"href":"https:\/\/dze-csv.it\/it\/wp-json\/wp\/v2\/pages\/82455","targetHints":{"allow":["GET"]}}],"collection":[{"href":"https:\/\/dze-csv.it\/it\/wp-json\/wp\/v2\/pages"}],"about":[{"href":"https:\/\/dze-csv.it\/it\/wp-json\/wp\/v2\/types\/page"}],"author":[{"embeddable":true,"href":"https:\/\/dze-csv.it\/it\/wp-json\/wp\/v2\/users\/3"}],"replies":[{"embeddable":true,"href":"https:\/\/dze-csv.it\/it\/wp-json\/wp\/v2\/comments?post=82455"}],"version-history":[{"count":8,"href":"https:\/\/dze-csv.it\/it\/wp-json\/wp\/v2\/pages\/82455\/revisions"}],"predecessor-version":[{"id":90782,"href":"https:\/\/dze-csv.it\/it\/wp-json\/wp\/v2\/pages\/82455\/revisions\/90782"}],"wp:attachment":[{"href":"https:\/\/dze-csv.it\/it\/wp-json\/wp\/v2\/media?parent=82455"}],"curies":[{"name":"wp","href":"https:\/\/api.w.org\/{rel}","templated":true}]}}