{"id":84177,"date":"2019-10-07T17:03:22","date_gmt":"2019-10-07T15:03:22","guid":{"rendered":"https:\/\/dze-csv.it\/impressum\/"},"modified":"2024-07-31T10:22:13","modified_gmt":"2024-07-31T08:22:13","slug":"impressum","status":"publish","type":"page","link":"https:\/\/dze-csv.it\/it\/impressum\/","title":{"rendered":"Impressum"},"content":{"rendered":"<div class=\"wpb-content-wrapper\"><p>[vc_row][vc_column width=&#8221;1\/1&#8243;][vc_empty_space empty_h=&#8221;2&#8243;][vc_custom_heading]<\/p>\n<h1><span style=\"color: #e29017;\">Impressum<\/span><\/h1>\n<p>[\/vc_custom_heading][\/vc_column][\/vc_row][vc_row row_height_percent=&#8221;0&#8243; back_color=&#8221;color-lxmt&#8221; overlay_alpha=&#8221;50&#8243; gutter_size=&#8221;3&#8243; column_width_percent=&#8221;100&#8243; shift_y=&#8221;0&#8243; z_index=&#8221;0&#8243;][vc_column column_width_percent=&#8221;100&#8243; gutter_size=&#8221;3&#8243; overlay_alpha=&#8221;50&#8243; shift_x=&#8221;0&#8243; shift_y=&#8221;0&#8243; shift_y_down=&#8221;0&#8243; z_index=&#8221;0&#8243; medium_width=&#8221;0&#8243; mobile_width=&#8221;0&#8243; width=&#8221;1\/1&#8243;][vc_column_text uncode_shortcode_id=&#8221;162731&#8243;]<\/p>\n<h3 class=\"uk-h4 uk-margin-medium-top\">Committente e responsabile per i contenuti:<\/h3>\n<div class=\"uk-text-box\">\n<h3><strong>CSV Alto Adige ETS<\/strong><\/h3>\n<p>Via Renon 33b<br \/>\nI-39100 Bolzano (BZ)<\/p>\n<p>+39 0471 980 287<br \/>\n<span style=\"color: #e29017;\"><a class=\"uk-link\" style=\"color: #e29017;\" title=\"Email CSV Alto Adige ODV\" href=\"mailto:\">info@dze-csv.it<\/a><\/span><br \/>\n<span style=\"color: #e29017;\"><a class=\"uk-link\" style=\"color: #e29017;\" title=\"Website CSV Alto Adige ODV\" href=\"https:\/\/dze-csv.it\/it\">https:\/\/dze-csv.it\/it<\/a><\/span><br \/>\nc.f. 94139550217<br \/>\nP.IVA 03081120218<\/p>\n<\/div>\n<p>[\/vc_column_text][\/vc_column][\/vc_row][vc_row][vc_column width=&#8221;1\/1&#8243;][vc_row_inner][vc_column_inner width=&#8221;1\/1&#8243;][vc_column_text]<\/p>\n<div class=\"light-body padding-large uk-text-box\">\n<div class=\"uk-container uk-container-center\">\n<div class=\"light-body padding-large uk-text-box\">\n<div class=\"uk-container uk-container-center\">\n<h2 class=\"uk-text-left\">Informativa sul trattamento dei dati personali<\/h2>\n<p>Art. 13 GvD Nr. 196\/2003<\/p>\n<ul>\n<li><b>Finalit\u00e0 e modalit\u00e0 del trattamento obbligatorie<\/b><br \/>\nAi sensi dell\u2019art. 13 del Codice in materia di protezione dei dati personali (decreto legislativo 30 giugno 2003, n.196), si informano i soggetti interessati che il trattamento dei dati personali e\/o sensibili da essi forniti sar\u00e0 finalizzato agli adempimenti degli obblighi di legge, contrattuali o derivanti da incarico conferito dall\u2019interessato.<\/li>\n<li><b>Finalit\u00e0 e modalit\u00e0 del trattamento facoltative<\/b><br \/>\nI dati personali potranno essere utilizzati anche ai fini di invio di materiale informativo e\/o pubblicitario o per comunicazioni commerciali riguardanti nuovi prodotti o aggiornamenti e novit\u00e0 sui prodotti gi\u00e0 esistenti. Inoltre i suddetti dati potranno essere utilizzati anche per l\u2019invio di messaggi augurali (Natale, compleanno etc.).<\/li>\n<li><b>Natura del conferimento dei dati<\/b><br \/>\nIl conferimento dei dati \u00e8 obbligatorio per le finalit\u00e0 di cui al punto 1). L\u2019eventuale rifiuto a fornirci, in tutto o in parte, i Suoi\/Vostri dati personali o l\u2019autorizzazione al trattamento potrebbe comportare la mancata o parziale esecuzione del contratto ovvero la mancata esecuzione dell\u2019incarico.<br \/>\nIl conferimento dei dati per le finalit\u00e0 di cui al punto 2) e il consenso al loro trattamento \u00e8 facoltativo e l\u2019eventuale diniego non potr\u00e0 comportare la mancata esecuzione della prestazione.<\/li>\n<li><b>Soggetti a cui potranno essere comunicati i dati personali<\/b><br \/>\nI dati personali da Lei forniti, potranno essere trattati dal nostro personale interno per questioni di natura amministrativa, fiscale, contabile, nonch\u00e9 per qualsiasi ulteriore necessit\u00e0 prevista dalla legge. La informiamo che il personale che potr\u00e0 venire a conoscenza dei Suoi dati \u00e8 stato nominato con apposite lettere di incarico, contenenti le disposizioni da seguire in merito al trattamento dei dati personali in conformit\u00e0 c0n quanto previsto dalla legge.<br \/>\nLa informiamo inoltre che gli eventuali professionisti esterni alla nostra societ\u00e0 e incaricati di trattare i Suoi dati personali, sono stati nominati con specifiche lettere di incarico contenenti le responsabilit\u00e0 e gli obblighi da seguire in relazione al trattamento dei dati personali.<br \/>\nResta, in ogni caso, fermo il divieto di comunicare o diffondere i Suoi dati personali a soggetti terzi non necessari per l\u2019espletamento delle prestazioni da Lei richieste.<\/li>\n<li><b>Modalit\u00e0 del trattamento<\/b><br \/>\nIl trattamento dei dati personali verr\u00e0 effettuato con strumenti cartacei ed informatici, nel rispetto e nei limiti di quanto previsto dal decreto legislativo 196\/2003.<\/li>\n<li><b>Diritti dell\u2019Interessato al trattamento <\/b><br \/>\nIn ogni momento potr\u00e0 esercitare i Suoi diritti nei confronti del titolare del trattamento, ai sensi dell\u2019art.7 del D.lgs.196\/2003 (Diritto di accesso ai dati personali ed altri diritti) il quale cos\u00ec dispone:<br \/>\n<b>Art. 7. Diritto di accesso ai dati personali ed altri diritti<\/b>1. L\u2019interessato ha diritto di ottenere la conferma dell\u2019esistenza o meno di dati personali che lo riguardano, anche se non ancora registrati, e la loro comunicazione in forma intelligibile.2. L\u2019interessato ha diritto di ottenere l\u2019indicazione:<\/p>\n<ul>\n<li>dell\u2019origine dei dati personali;<\/li>\n<li>delle finalit\u00e0 e modalit\u00e0 del trattamento;<\/li>\n<li>della logica applicata in caso di trattamento effettuato con l\u2019ausilio di strumenti elettronici;<\/li>\n<li>degli estremi identificativi del titolare, dei responsabili e del rappresentante designato ai sensi dell\u2019articolo 5, comma 2;<\/li>\n<li>dei soggetti o delle categorie di soggetti ai quali i dati personali possono essere comunicati o che possono venirne a conoscenza in qualit\u00e0 di rappresentante designato nel territorio dello Stato, di responsabili o incaricati.<\/li>\n<\/ul>\n<p>3. L\u2019interessato ha diritto di ottenere:<\/p>\n<ul>\n<li>l\u2019aggiornamento, la rettificazione ovvero, quando vi ha interesse, l\u2019integrazione dei dati;<\/li>\n<li>la cancellazione, la trasformazione in forma anonima o il blocco dei dati trattati in violazione di legge, compresi quelli di cui non \u00e8 necessaria la conservazione in relazione agli scopi per i quali i dati sono stati raccolti o successivamente trattati;<\/li>\n<li>l\u2019attestazione che le operazioni di cui alle lettere a) e b) sono state portate a conoscenza, anche per quanto riguarda il loro contenuto, di coloro ai quali i dati sono stati comunicati o diffusi, eccettuato il caso in cui tale adempimento si rivela impossibile o comporta un impiego di mezzi manifestamente sproporzionato rispetto al diritto tutelato.<\/li>\n<\/ul>\n<p>4. L\u2019interessato ha diritto di opporsi, in tutto o in parte:<\/p>\n<ul>\n<li>per motivi legittimi al trattamento dei dati personali che lo riguardano, ancorch\u00e9 pertinenti allo scopo della raccolta;<\/li>\n<li>al trattamento di dati personali che lo riguardano a fini di invio di materiale pubblicitario o di vendita diretta o per il compimento di ricerche di mercato o di comunicazione commerciale.<\/li>\n<\/ul>\n<\/li>\n<\/ul>\n<\/div>\n<\/div>\n<div class=\"white-body padding-large uk-text-box\">\n<div class=\"uk-container uk-container-center\">\n<h2 class=\"uk-text-left\">Privacy policy for the using of Google Analytics<\/h2>\n<p>\u201cThis website uses Google Analytics, a web analytics service provided by Google, Inc. (\u201cGoogle\u201d). Google Analytics uses \u201ccookies\u201d, which are text files placed on your computer, to help the website analyze how users use the site. The information generated by the cookie about your use of the website (including your IP address) will be transmitted to and stored by Google on servers in the United States . Google will use this information for the purpose of evaluating your use of the website, compiling reports on website activity for website operators and providing other services relating to website activity and internet usage. Google may also transfer this information to third parties where required to do so by law, or where such third parties process the information on Google\u2019s behalf. Google will not associate your IP address with any other data held by Google. You may refuse the use of cookies by selecting the appropriate settings on your browser, however please note that if you do this you may not be able to use the full functionality of this website. By using this website, you consent to the processing of data about you by Google in the manner and for the purposes set out above.\u201d<br \/>\nCookie-policy Google Analytics:\u00a0<span style=\"color: #e29017;\"><a style=\"color: #e29017;\" href=\"https:\/\/www.google.com\/intl\/it\/policies\/privacy\/\">www.google.com<\/a><\/span>.<\/p>\n<p>Informazione obbligatoria ai sensi del Regolamento UE n. 524\/2016 del Parlamento europeo e del Consiglio Piattaforma per la risoluzione delle controversie online dei consumatori (ODR) della Commissione europea:\u00a0<span style=\"color: #e29017;\"><a style=\"color: #e29017;\" title=\"http:\/\/ec.europa.eu\/consumers\/odr\/\" href=\"http:\/\/ec.europa.eu\/consumers\/odr\/\" target=\"_blank\" rel=\"noopener noreferrer\">ec.europa.eu<\/a><\/span>.<\/p>\n<\/div>\n<\/div>\n<\/div>\n<\/div>\n<p>[\/vc_column_text][\/vc_column_inner][\/vc_row_inner][\/vc_column][\/vc_row][vc_row][vc_column width=&#8221;1\/1&#8243;][vc_empty_space empty_h=&#8221;2&#8243;][\/vc_column][\/vc_row]<\/p>\n<\/div>","protected":false},"excerpt":{"rendered":"<p>[vc_row][vc_column width=&#8221;1\/1&#8243;][vc_empty_space empty_h=&#8221;2&#8243;][vc_custom_heading] Impressum [\/vc_custom_heading][\/vc_column][\/vc_row][vc_row row_height_percent=&#8221;0&#8243; back_color=&#8221;color-lxmt&#8221; overlay_alpha=&#8221;50&#8243; gutter_size=&#8221;3&#8243; column_width_percent=&#8221;100&#8243; shift_y=&#8221;0&#8243; z_index=&#8221;0&#8243;][vc_column column_width_percent=&#8221;100&#8243; gutter_size=&#8221;3&#8243; overlay_alpha=&#8221;50&#8243; shift_x=&#8221;0&#8243; shift_y=&#8221;0&#8243; shift_y_down=&#8221;0&#8243; z_index=&#8221;0&#8243; medium_width=&#8221;0&#8243; [&hellip;]<\/p>\n","protected":false},"author":3,"featured_media":0,"parent":0,"menu_order":100,"comment_status":"closed","ping_status":"closed","template":"","meta":{"_acf_changed":false,"footnotes":""},"class_list":["post-84177","page","type-page","status-publish","hentry"],"acf":[],"_links":{"self":[{"href":"https:\/\/dze-csv.it\/it\/wp-json\/wp\/v2\/pages\/84177","targetHints":{"allow":["GET"]}}],"collection":[{"href":"https:\/\/dze-csv.it\/it\/wp-json\/wp\/v2\/pages"}],"about":[{"href":"https:\/\/dze-csv.it\/it\/wp-json\/wp\/v2\/types\/page"}],"author":[{"embeddable":true,"href":"https:\/\/dze-csv.it\/it\/wp-json\/wp\/v2\/users\/3"}],"replies":[{"embeddable":true,"href":"https:\/\/dze-csv.it\/it\/wp-json\/wp\/v2\/comments?post=84177"}],"version-history":[{"count":7,"href":"https:\/\/dze-csv.it\/it\/wp-json\/wp\/v2\/pages\/84177\/revisions"}],"predecessor-version":[{"id":106481,"href":"https:\/\/dze-csv.it\/it\/wp-json\/wp\/v2\/pages\/84177\/revisions\/106481"}],"wp:attachment":[{"href":"https:\/\/dze-csv.it\/it\/wp-json\/wp\/v2\/media?parent=84177"}],"curies":[{"name":"wp","href":"https:\/\/api.w.org\/{rel}","templated":true}]}}