{"id":84725,"date":"2019-12-10T11:42:41","date_gmt":"2019-12-10T10:42:41","guid":{"rendered":"https:\/\/dze-csv.it\/?page_id=84725"},"modified":"2023-11-13T09:53:28","modified_gmt":"2023-11-13T08:53:28","slug":"contabilita-ordinaria-domande-di-contributo-2020","status":"publish","type":"page","link":"https:\/\/dze-csv.it\/it\/contabilita-ordinaria-e-questioni-fiscali\/","title":{"rendered":"Contabilit\u00e0 ordinaria e questioni fiscali"},"content":{"rendered":"<div class=\"wpb-content-wrapper\"><p>[vc_row row_height_percent=&#8221;0&#8243; overlay_alpha=&#8221;50&#8243; gutter_size=&#8221;3&#8243; column_width_percent=&#8221;100&#8243; shift_y=&#8221;0&#8243; z_index=&#8221;0&#8243; medium_visibility=&#8221;yes&#8221; mobile_visibility=&#8221;yes&#8221; inverted_device_order=&#8221;yes&#8221;][vc_column width=&#8221;1\/1&#8243;][uncode_slider slider_interval=&#8221;5000&#8243; slider_navspeed=&#8221;400&#8243; slider_loop=&#8221;yes&#8221; slider_hide_arrows=&#8221;yes&#8221; slider_dot_position=&#8221;left&#8221; slider_dot_width=&#8221;limit&#8221; slider_width_percent=&#8221;100&#8243; h_padding=&#8221;2&#8243; slider_dot_align=&#8221;left&#8221;][vc_row_inner row_inner_height_percent=&#8221;100&#8243; back_color=&#8221;color-134241&#8243; back_image=&#8221;90073&#8243; overlay_alpha=&#8221;20&#8243; gutter_size=&#8221;4&#8243; shift_y=&#8221;0&#8243; z_index=&#8221;0&#8243; el_class=&#8221;versicherungsschutz&#8221; row_height_pixel=&#8221;400px&#8221;][vc_column_inner column_width_use_pixel=&#8221;yes&#8221; position_horizontal=&#8221;left&#8221; position_vertical=&#8221;bottom&#8221; gutter_size=&#8221;2&#8243; style=&#8221;dark&#8221; overlay_alpha=&#8221;50&#8243; shift_x=&#8221;0&#8243; shift_y=&#8221;0&#8243; shift_y_down=&#8221;0&#8243; z_index=&#8221;0&#8243; medium_width=&#8221;0&#8243; mobile_width=&#8221;0&#8243; css_animation=&#8221;right-t-left&#8221; zoom_width=&#8221;0&#8243; zoom_height=&#8221;0&#8243; width=&#8221;1\/1&#8243; column_width_pixel=&#8221;500&#8243; css=&#8221;.vc_custom_1588760738692{padding-left: 36px !important;}&#8221;][vc_custom_heading heading_semantic=&#8221;h1&#8243; text_font=&#8221;font-255343&#8243; text_weight=&#8221;400&#8243; text_space=&#8221;fontspace-781688&#8243; uncode_shortcode_id=&#8221;991428&#8243;]Consulenza per contabilit\u00e0 ordinaria<br \/>\ne questioni fiscali[\/vc_custom_heading][vc_custom_heading text_size=&#8221;h3&#8243; text_weight=&#8221;300&#8243; uncode_shortcode_id=&#8221;628176&#8243;]Ben preparati con il CSV<br \/>\nper domande specifiche sulla<br \/>\ncontabilit\u00e0 ordinaria e sugli aspetti fiscali[\/vc_custom_heading][vc_empty_space empty_h=&#8221;1&#8243;][vc_separator sep_color=&#8221;,Default&#8221;][\/vc_column_inner][\/vc_row_inner][\/uncode_slider][\/vc_column][\/vc_row][vc_row row_height_percent=&#8221;0&#8243; overlay_alpha=&#8221;50&#8243; gutter_size=&#8221;3&#8243; column_width_percent=&#8221;100&#8243; shift_y=&#8221;0&#8243; z_index=&#8221;0&#8243; desktop_visibility=&#8221;yes&#8221;][vc_column width=&#8221;1\/1&#8243;][uncode_slider slider_interval=&#8221;5000&#8243; slider_navspeed=&#8221;400&#8243; slider_loop=&#8221;yes&#8221; slider_hide_arrows=&#8221;yes&#8221; slider_dot_position=&#8221;left&#8221; slider_dot_width=&#8221;limit&#8221; slider_width_percent=&#8221;100&#8243; h_padding=&#8221;2&#8243; slider_dot_align=&#8221;left&#8221;][vc_row_inner row_inner_height_percent=&#8221;100&#8243; back_color=&#8221;color-134241&#8243; overlay_alpha=&#8221;20&#8243; gutter_size=&#8221;4&#8243; shift_y=&#8221;0&#8243; z_index=&#8221;0&#8243;][vc_column_inner column_width_use_pixel=&#8221;yes&#8221; position_horizontal=&#8221;left&#8221; position_vertical=&#8221;bottom&#8221; gutter_size=&#8221;2&#8243; style=&#8221;dark&#8221; overlay_alpha=&#8221;50&#8243; shift_x=&#8221;0&#8243; shift_y=&#8221;0&#8243; shift_y_down=&#8221;0&#8243; z_index=&#8221;0&#8243; medium_width=&#8221;0&#8243; mobile_width=&#8221;0&#8243; css_animation=&#8221;right-t-left&#8221; animation_delay=&#8221;600&#8243; zoom_width=&#8221;0&#8243; zoom_height=&#8221;0&#8243; width=&#8221;1\/1&#8243; column_width_pixel=&#8221;500&#8243; css=&#8221;.vc_custom_1588760673047{padding-left: 2rem !important;}&#8221;][vc_custom_heading text_font=&#8221;font-255343&#8243; text_size=&#8221;fontsize-338686&#8243; text_weight=&#8221;200&#8243; text_space=&#8221;fontspace-781688&#8243; uncode_shortcode_id=&#8221;923520&#8243;]Consulenza per contabilit\u00e0 ordinaria<br \/>\ne questioni fiscali[\/vc_custom_heading][vc_custom_heading text_size=&#8221;h3&#8243; text_weight=&#8221;300&#8243; uncode_shortcode_id=&#8221;179991&#8243;]Ben preparati con il CSV<\/p>\n<p>per domande specifiche sulla<\/p>\n<p>contabilit\u00e0 ordinaria e sugli aspetti fiscali[\/vc_custom_heading][vc_empty_space empty_h=&#8221;1&#8243;][vc_separator sep_color=&#8221;,Default&#8221;][\/vc_column_inner][\/vc_row_inner][\/uncode_slider][\/vc_column][\/vc_row][vc_row][vc_column column_width_percent=&#8221;80&#8243; gutter_size=&#8221;3&#8243; overlay_alpha=&#8221;50&#8243; shift_x=&#8221;0&#8243; shift_y=&#8221;0&#8243; shift_y_down=&#8221;0&#8243; z_index=&#8221;0&#8243; medium_width=&#8221;0&#8243; mobile_width=&#8221;0&#8243; css_animation=&#8221;left-t-right&#8221; width=&#8221;1\/3&#8243;][vc_empty_space empty_h=&#8221;2&#8243;][vc_separator sep_color=&#8221;color-134241&#8243;][vc_single_image media=&#8221;89972&#8243; media_width_percent=&#8221;100&#8243; alignment=&#8221;center&#8221; el_class=&#8221;img-small&#8221; uncode_shortcode_id=&#8221;400587&#8243;][vc_custom_heading text_font=&#8221;font-255343&#8243; uncode_shortcode_id=&#8221;804819&#8243;]Thomas Girotto[\/vc_custom_heading][vc_button button_color=&#8221;color-134241&#8243; wide=&#8221;yes&#8221; custom_typo=&#8221;yes&#8221; font_family=&#8221;font-255343&#8243; font_weight=&#8221;500&#8243; italic=&#8221;yes&#8221; border_width=&#8221;0&#8243; css_animation=&#8221;bottom-t-top&#8221; link=&#8221;url:mailto%3Ainfo%40dze-csv.it|title:Versicherungsschutz&#8221; button_color_type=&#8221;uncode-palette&#8221; uncode_shortcode_id=&#8221;832234&#8243;]Richiedi consulenza[\/vc_button][\/vc_column][vc_column column_width_percent=&#8221;100&#8243; gutter_size=&#8221;3&#8243; overlay_alpha=&#8221;50&#8243; shift_x=&#8221;0&#8243; shift_y=&#8221;0&#8243; shift_y_down=&#8221;0&#8243; z_index=&#8221;0&#8243; medium_width=&#8221;0&#8243; mobile_width=&#8221;0&#8243; css_animation=&#8221;right-t-left&#8221; width=&#8221;2\/3&#8243;][vc_empty_space empty_h=&#8221;2&#8243;][vc_separator sep_color=&#8221;color-wvjs&#8221;][vc_column_text uncode_shortcode_id=&#8221;250745&#8243;]<\/p>\n<p class=\"p1\"><span class=\"s1\"><b>Contabilit\u00e0 ordinaria <\/b><\/span><\/p>\n<p class=\"p1\"><span class=\"s1\">Nelle consulenze vengono trattate questioni relative alla contabilit\u00e0 secondo il principio di cassa o secondo la competenza.<\/span><\/p>\n<p class=\"p1\"><span class=\"s1\"><b>Check individuale<\/b><\/span><\/p>\n<p class=\"p1\"><span class=\"s1\">Conoscere bene i propri diritti e doveri, ma anche le proprie possibilit\u00e0 non cos\u00ec chiare \u00e8 fondamentale per non commettere errori e prepararsi bene alle prossime tappe della Riforma del Terzo Settore, sotto molti punti di vista. <\/span><\/p>\n<p class=\"p2\"><span class=\"s1\">Per venire incontro alle associazioni il CSV offre la possibilit\u00e0 di un controllo individuale per verificare quali obblighi devono ancora essere osservati nell\u2019applicazione delle nuove disposizioni per la rendicontazione nelle strutture organizzative del Terzo Settore. Si presenta inoltre la possibilit\u00e0 di conoscere meglio il bilancio sociale e approfondire le molteplici novit\u00e0 in ambito fiscale.<\/span><\/p>\n<p>[\/vc_column_text][\/vc_column][\/vc_row][vc_row][vc_column width=&#8221;1\/1&#8243;][vc_empty_space empty_h=&#8221;2&#8243;][\/vc_column][\/vc_row]<\/p>\n<\/div>","protected":false},"excerpt":{"rendered":"<p>[vc_row row_height_percent=&#8221;0&#8243; overlay_alpha=&#8221;50&#8243; gutter_size=&#8221;3&#8243; column_width_percent=&#8221;100&#8243; shift_y=&#8221;0&#8243; z_index=&#8221;0&#8243; medium_visibility=&#8221;yes&#8221; mobile_visibility=&#8221;yes&#8221; inverted_device_order=&#8221;yes&#8221;][vc_column width=&#8221;1\/1&#8243;][uncode_slider slider_interval=&#8221;5000&#8243; slider_navspeed=&#8221;400&#8243; slider_loop=&#8221;yes&#8221; slider_hide_arrows=&#8221;yes&#8221; slider_dot_position=&#8221;left&#8221; slider_dot_width=&#8221;limit&#8221; slider_width_percent=&#8221;100&#8243; h_padding=&#8221;2&#8243; slider_dot_align=&#8221;left&#8221;][vc_row_inner [&hellip;]<\/p>\n","protected":false},"author":3,"featured_media":0,"parent":82502,"menu_order":0,"comment_status":"closed","ping_status":"closed","template":"","meta":{"_acf_changed":false,"footnotes":""},"class_list":["post-84725","page","type-page","status-publish","hentry"],"acf":[],"_links":{"self":[{"href":"https:\/\/dze-csv.it\/it\/wp-json\/wp\/v2\/pages\/84725","targetHints":{"allow":["GET"]}}],"collection":[{"href":"https:\/\/dze-csv.it\/it\/wp-json\/wp\/v2\/pages"}],"about":[{"href":"https:\/\/dze-csv.it\/it\/wp-json\/wp\/v2\/types\/page"}],"author":[{"embeddable":true,"href":"https:\/\/dze-csv.it\/it\/wp-json\/wp\/v2\/users\/3"}],"replies":[{"embeddable":true,"href":"https:\/\/dze-csv.it\/it\/wp-json\/wp\/v2\/comments?post=84725"}],"version-history":[{"count":19,"href":"https:\/\/dze-csv.it\/it\/wp-json\/wp\/v2\/pages\/84725\/revisions"}],"predecessor-version":[{"id":104512,"href":"https:\/\/dze-csv.it\/it\/wp-json\/wp\/v2\/pages\/84725\/revisions\/104512"}],"up":[{"embeddable":true,"href":"https:\/\/dze-csv.it\/it\/wp-json\/wp\/v2\/pages\/82502"}],"wp:attachment":[{"href":"https:\/\/dze-csv.it\/it\/wp-json\/wp\/v2\/media?parent=84725"}],"curies":[{"name":"wp","href":"https:\/\/api.w.org\/{rel}","templated":true}]}}