{"id":89452,"date":"2020-05-07T12:29:10","date_gmt":"2020-05-07T10:29:10","guid":{"rendered":"https:\/\/dze-csv.it\/?page_id=89452"},"modified":"2023-11-13T09:56:44","modified_gmt":"2023-11-13T08:56:44","slug":"lebensmittelhygiene","status":"publish","type":"page","link":"https:\/\/dze-csv.it\/it\/sicurezza-alimentare\/","title":{"rendered":"Sicurezza alimentare"},"content":{"rendered":"<div class=\"wpb-content-wrapper\"><p>[vc_row][vc_column column_width_percent=&#8221;80&#8243; gutter_size=&#8221;3&#8243; overlay_alpha=&#8221;50&#8243; shift_x=&#8221;0&#8243; shift_y=&#8221;0&#8243; shift_y_down=&#8221;0&#8243; z_index=&#8221;0&#8243; medium_width=&#8221;0&#8243; mobile_width=&#8221;0&#8243; css_animation=&#8221;left-t-right&#8221; width=&#8221;1\/3&#8243;][vc_empty_space empty_h=&#8221;2&#8243;][vc_separator sep_color=&#8221;color-134241&#8243;][vc_single_image media=&#8221;86619&#8243; media_width_percent=&#8221;100&#8243; shape=&#8221;img-round&#8221; shadow=&#8221;yes&#8221; shadow_weight=&#8221;sm&#8221;][vc_custom_heading text_font=&#8221;font-255343&#8243;]Ingrid Rofner[\/vc_custom_heading][vc_column_text]Esperta di sicurezza alimentare[\/vc_column_text][vc_button button_color=&#8221;color-134241&#8243; wide=&#8221;yes&#8221; custom_typo=&#8221;yes&#8221; font_family=&#8221;font-255343&#8243; font_weight=&#8221;500&#8243; italic=&#8221;yes&#8221; border_width=&#8221;0&#8243; css_animation=&#8221;bottom-t-top&#8221; link=&#8221;url:mailto%3Ainfo%40dze-csv.it&#8221; button_color_type=&#8221;uncode-palette&#8221; uncode_shortcode_id=&#8221;262629&#8243;]RIchiedi consulenza[\/vc_button][\/vc_column][vc_column column_width_percent=&#8221;100&#8243; gutter_size=&#8221;3&#8243; overlay_alpha=&#8221;50&#8243; shift_x=&#8221;0&#8243; shift_y=&#8221;0&#8243; shift_y_down=&#8221;0&#8243; z_index=&#8221;0&#8243; medium_width=&#8221;0&#8243; mobile_width=&#8221;0&#8243; css_animation=&#8221;right-t-left&#8221; width=&#8221;2\/3&#8243;][vc_empty_space empty_h=&#8221;2&#8243;][vc_separator sep_color=&#8221;color-wvjs&#8221;][vc_custom_heading text_font=&#8221;font-255343&#8243; text_size=&#8221;h4&#8243;]<strong>Consulenza specifica per l&#8217;igiene alimentare<\/strong>[\/vc_custom_heading][vc_column_text]Un tema che sar\u00e0 molto importante per le organizzazioni di volontariato in futuro \u00e8 quello dell'&#8221;<strong>igiene alimentare<\/strong>&#8220;.<\/p>\n<p>Anche in questo caso, il Centro Servizi per il Volontariato offrir\u00e0 una <strong>consulenza per gli organizzatori<\/strong> per la preparazione e la realizzazione delle attivit\u00e0 pianificate.[\/vc_column_text][vc_empty_space empty_h=&#8221;2&#8243;][vc_custom_heading text_font=&#8221;font-255343&#8243; text_size=&#8221;h4&#8243;]<strong>Sconfitta la pandemia ritroveremo il piacere di celebrare insieme gli eventi delle nostre associazioni.<\/strong>[\/vc_custom_heading][vc_column_text]Naturalmente il cibo e le bevande hanno un ruolo importante in questi eventi. Gli ospiti potranno gustare torte fatte in casa, insalate, panini o altre specialit\u00e0, la cui vendita \u00e8 destinata alle attivit\u00e0 dell&#8217;associazione. Tuttavia, nel loro zelo per la preparazione e l&#8217;attuazione, gli organizzatori e gli aiutanti spesso trascurano il fatto che gli errori igienici nel trattamento degli alimenti possono portare a gravi malattie, anche mortali.<\/p>\n<p>Il CSV offre insieme all&#8217;<strong>esperta di sicurezza alimentare Ingrid Rofner<\/strong> una consulenza specifica per i diversi tipi di eventi.[\/vc_column_text][vc_column_text]<strong>Importante: Anche le associazioni sono civilmente e penalmente responsabili di garantire che i prodotti offerti possano essere consumati senza rischi per la salute.<\/strong>[\/vc_column_text][vc_accordion active_tab=&#8221;none&#8221;][vc_accordion_tab title=&#8221;Checklist&#8221; tab_id=&#8221;1588847835-1-35&#8243;][vc_column_text]<\/p>\n<p style=\"padding-left: 40px;\">\u2022 Cucine e zona di servizio<\/p>\n<p style=\"padding-left: 40px;\">\u2022 Infrastruttura<\/p>\n<p style=\"padding-left: 40px;\">\u2022 Indumenti da lavoro per la manipolazione di alimenti sensibili non confezionati<\/p>\n<p style=\"padding-left: 40px;\">\u2022 Conservazione<\/p>\n<p style=\"padding-left: 40px;\">\u2022 Preparazione del cibo<\/p>\n<p style=\"padding-left: 40px;\">\u2022 Distribuzione del cibo<\/p>\n<p style=\"padding-left: 40px;\">\u2022 Pulizia e disinfezione<\/p>\n<p style=\"padding-left: 40px;\">\u2022 Pulizia dei piatti<\/p>\n<p style=\"padding-left: 40px;\">\u2022 Gestione dei rifiuti<\/p>\n<p style=\"padding-left: 40px;\">\u2022 Controlli di temperatura<\/p>\n<p>[\/vc_column_text][\/vc_accordion_tab][\/vc_accordion][\/vc_column][\/vc_row][vc_row][vc_column width=&#8221;1\/1&#8243;][vc_empty_space empty_h=&#8221;3&#8243;][\/vc_column][\/vc_row]<\/p>\n<\/div>","protected":false},"excerpt":{"rendered":"<p>[vc_row][vc_column column_width_percent=&#8221;80&#8243; gutter_size=&#8221;3&#8243; overlay_alpha=&#8221;50&#8243; shift_x=&#8221;0&#8243; shift_y=&#8221;0&#8243; shift_y_down=&#8221;0&#8243; z_index=&#8221;0&#8243; medium_width=&#8221;0&#8243; mobile_width=&#8221;0&#8243; css_animation=&#8221;left-t-right&#8221; width=&#8221;1\/3&#8243;][vc_empty_space empty_h=&#8221;2&#8243;][vc_separator sep_color=&#8221;color-134241&#8243;][vc_single_image media=&#8221;86619&#8243; media_width_percent=&#8221;100&#8243; shape=&#8221;img-round&#8221; shadow=&#8221;yes&#8221; shadow_weight=&#8221;sm&#8221;][vc_custom_heading text_font=&#8221;font-255343&#8243;]Ingrid [&hellip;]<\/p>\n","protected":false},"author":3,"featured_media":0,"parent":82502,"menu_order":0,"comment_status":"closed","ping_status":"closed","template":"","meta":{"_acf_changed":false,"footnotes":""},"class_list":["post-89452","page","type-page","status-publish","hentry"],"acf":[],"_links":{"self":[{"href":"https:\/\/dze-csv.it\/it\/wp-json\/wp\/v2\/pages\/89452","targetHints":{"allow":["GET"]}}],"collection":[{"href":"https:\/\/dze-csv.it\/it\/wp-json\/wp\/v2\/pages"}],"about":[{"href":"https:\/\/dze-csv.it\/it\/wp-json\/wp\/v2\/types\/page"}],"author":[{"embeddable":true,"href":"https:\/\/dze-csv.it\/it\/wp-json\/wp\/v2\/users\/3"}],"replies":[{"embeddable":true,"href":"https:\/\/dze-csv.it\/it\/wp-json\/wp\/v2\/comments?post=89452"}],"version-history":[{"count":13,"href":"https:\/\/dze-csv.it\/it\/wp-json\/wp\/v2\/pages\/89452\/revisions"}],"predecessor-version":[{"id":104522,"href":"https:\/\/dze-csv.it\/it\/wp-json\/wp\/v2\/pages\/89452\/revisions\/104522"}],"up":[{"embeddable":true,"href":"https:\/\/dze-csv.it\/it\/wp-json\/wp\/v2\/pages\/82502"}],"wp:attachment":[{"href":"https:\/\/dze-csv.it\/it\/wp-json\/wp\/v2\/media?parent=89452"}],"curies":[{"name":"wp","href":"https:\/\/api.w.org\/{rel}","templated":true}]}}