{"id":97398,"date":"2021-09-16T20:18:10","date_gmt":"2021-09-16T18:18:10","guid":{"rendered":"https:\/\/dze-csv.it\/?page_id=97398"},"modified":"2026-02-09T12:26:34","modified_gmt":"2026-02-09T11:26:34","slug":"pec-2","status":"publish","type":"page","link":"https:\/\/dze-csv.it\/it\/pec\/","title":{"rendered":"PEC"},"content":{"rendered":"<div class=\"wpb-content-wrapper\"><p>[vc_row row_height_percent=&#8221;0&#8243; overlay_alpha=&#8221;50&#8243; gutter_size=&#8221;3&#8243; column_width_percent=&#8221;100&#8243; shift_y=&#8221;0&#8243; z_index=&#8221;0&#8243; medium_visibility=&#8221;yes&#8221; mobile_visibility=&#8221;yes&#8221; inverted_device_order=&#8221;yes&#8221;][vc_column width=&#8221;1\/1&#8243;][uncode_slider slider_interval=&#8221;5000&#8243; slider_navspeed=&#8221;400&#8243; slider_loop=&#8221;yes&#8221; slider_hide_arrows=&#8221;yes&#8221; slider_dot_position=&#8221;left&#8221; slider_dot_width=&#8221;limit&#8221; slider_width_percent=&#8221;100&#8243; h_padding=&#8221;2&#8243; slider_dot_align=&#8221;left&#8221;][vc_row_inner row_inner_height_percent=&#8221;100&#8243; back_color=&#8221;color-134241&#8243; overlay_alpha=&#8221;20&#8243; gutter_size=&#8221;4&#8243; shift_y=&#8221;0&#8243; z_index=&#8221;0&#8243; el_class=&#8221;versicherungsschutz&#8221; row_height_pixel=&#8221;400px&#8221; uncode_shortcode_id=&#8221;754822&#8243; back_color_type=&#8221;uncode-palette&#8221;][vc_column_inner column_width_use_pixel=&#8221;yes&#8221; position_horizontal=&#8221;left&#8221; position_vertical=&#8221;bottom&#8221; gutter_size=&#8221;2&#8243; style=&#8221;dark&#8221; overlay_alpha=&#8221;50&#8243; shift_x=&#8221;0&#8243; shift_y=&#8221;0&#8243; shift_y_down=&#8221;0&#8243; z_index=&#8221;0&#8243; medium_width=&#8221;0&#8243; mobile_width=&#8221;0&#8243; css_animation=&#8221;right-t-left&#8221; zoom_width=&#8221;0&#8243; zoom_height=&#8221;0&#8243; width=&#8221;1\/1&#8243; column_width_pixel=&#8221;500&#8243; css=&#8221;.vc_custom_1588760738692{padding-left: 36px !important;}&#8221;][vc_custom_heading heading_semantic=&#8221;h1&#8243; text_font=&#8221;font-255343&#8243; text_weight=&#8221;400&#8243; text_space=&#8221;fontspace-781688&#8243; uncode_shortcode_id=&#8221;383928&#8243;]PEC[\/vc_custom_heading][vc_custom_heading text_size=&#8221;h3&#8243; text_weight=&#8221;300&#8243; uncode_shortcode_id=&#8221;947186&#8243;]Facciamo insieme la PEC[\/vc_custom_heading][vc_empty_space empty_h=&#8221;1&#8243;][vc_separator sep_color=&#8221;,Default&#8221;][\/vc_column_inner][\/vc_row_inner][\/uncode_slider][\/vc_column][\/vc_row][vc_row row_height_percent=&#8221;0&#8243; overlay_alpha=&#8221;50&#8243; gutter_size=&#8221;3&#8243; column_width_percent=&#8221;100&#8243; shift_y=&#8221;0&#8243; z_index=&#8221;0&#8243; desktop_visibility=&#8221;yes&#8221;][vc_column width=&#8221;1\/1&#8243;][uncode_slider slider_interval=&#8221;5000&#8243; slider_navspeed=&#8221;400&#8243; slider_loop=&#8221;yes&#8221; slider_hide_arrows=&#8221;yes&#8221; slider_dot_position=&#8221;left&#8221; slider_dot_width=&#8221;limit&#8221; slider_width_percent=&#8221;100&#8243; h_padding=&#8221;2&#8243; slider_dot_align=&#8221;left&#8221;][vc_row_inner row_inner_height_percent=&#8221;100&#8243; back_color=&#8221;color-134241&#8243; overlay_alpha=&#8221;20&#8243; gutter_size=&#8221;4&#8243; shift_y=&#8221;0&#8243; z_index=&#8221;0&#8243;][vc_column_inner column_width_use_pixel=&#8221;yes&#8221; position_horizontal=&#8221;left&#8221; position_vertical=&#8221;bottom&#8221; gutter_size=&#8221;2&#8243; style=&#8221;dark&#8221; overlay_alpha=&#8221;50&#8243; shift_x=&#8221;0&#8243; shift_y=&#8221;0&#8243; shift_y_down=&#8221;0&#8243; z_index=&#8221;0&#8243; medium_width=&#8221;0&#8243; mobile_width=&#8221;0&#8243; css_animation=&#8221;right-t-left&#8221; animation_delay=&#8221;600&#8243; zoom_width=&#8221;0&#8243; zoom_height=&#8221;0&#8243; width=&#8221;1\/1&#8243; column_width_pixel=&#8221;500&#8243; css=&#8221;.vc_custom_1588760673047{padding-left: 2rem !important;}&#8221;][vc_custom_heading text_font=&#8221;font-255343&#8243; text_size=&#8221;fontsize-338686&#8243; text_weight=&#8221;200&#8243; text_space=&#8221;fontspace-781688&#8243; uncode_shortcode_id=&#8221;176063&#8243;]PEC[\/vc_custom_heading][vc_custom_heading text_size=&#8221;h3&#8243; text_weight=&#8221;300&#8243; uncode_shortcode_id=&#8221;449099&#8243;]<\/p>\n<p class=\"p1\">Facciamo insieme la PEC<\/p>\n<p>[\/vc_custom_heading][vc_empty_space empty_h=&#8221;1&#8243;][vc_separator sep_color=&#8221;,Default&#8221;][\/vc_column_inner][\/vc_row_inner][\/uncode_slider][\/vc_column][\/vc_row][vc_row][vc_column column_width_percent=&#8221;80&#8243; gutter_size=&#8221;3&#8243; overlay_alpha=&#8221;50&#8243; shift_x=&#8221;0&#8243; shift_y=&#8221;0&#8243; shift_y_down=&#8221;0&#8243; z_index=&#8221;0&#8243; medium_width=&#8221;0&#8243; mobile_width=&#8221;0&#8243; css_animation=&#8221;left-t-right&#8221; width=&#8221;1\/3&#8243;][vc_empty_space empty_h=&#8221;2&#8243;][vc_separator sep_color=&#8221;color-134241&#8243;][vc_button button_color=&#8221;color-134241&#8243; wide=&#8221;yes&#8221; custom_typo=&#8221;yes&#8221; font_family=&#8221;font-255343&#8243; font_weight=&#8221;500&#8243; italic=&#8221;yes&#8221; border_width=&#8221;0&#8243; css_animation=&#8221;bottom-t-top&#8221; link=&#8221;url:https%3A%2F%2Fdze-csv.it%2Fwp-content%2Fuploads%2F2022%2F12%2FModulo-consulenza-PEC.pdf|title:Supporto%20per%20registrazione%20PEC|target:_blank&#8221; button_color_type=&#8221;uncode-palette&#8221; uncode_shortcode_id=&#8221;730034&#8243;]Richiedi consulenza &#8211; PDF[\/vc_button][vc_button button_color=&#8221;color-134241&#8243; wide=&#8221;yes&#8221; custom_typo=&#8221;yes&#8221; font_family=&#8221;font-255343&#8243; font_weight=&#8221;500&#8243; italic=&#8221;yes&#8221; border_width=&#8221;0&#8243; css_animation=&#8221;bottom-t-top&#8221; link=&#8221;url:https%3A%2F%2Fdze-csv.it%2Fwp-content%2Fuploads%2F2022%2F12%2FModulo-consulenza-PEC.docx|title:Supporto%20per%20registrazione%20PEC&#8221; button_color_type=&#8221;uncode-palette&#8221; uncode_shortcode_id=&#8221;728959&#8243;]Richiedi consulenza &#8211; WORD[\/vc_button][vc_button button_color=&#8221;color-134241&#8243; wide=&#8221;yes&#8221; custom_typo=&#8221;yes&#8221; font_family=&#8221;font-255343&#8243; font_weight=&#8221;500&#8243; italic=&#8221;yes&#8221; border_width=&#8221;0&#8243; css_animation=&#8221;bottom-t-top&#8221; link=&#8221;url:https%3A%2F%2Fdze-csv.it%2Fwp-content%2Fuploads%2F2026%2F02%2FALLEGATO_Modulo-dati-anagrafici_PEC_2026.docx&#8221; button_color_type=&#8221;uncode-palette&#8221; uncode_shortcode_id=&#8221;123283&#8243;]Allegato Modulo Dati Anagrafici PEC[\/vc_button][\/vc_column][vc_column column_width_percent=&#8221;100&#8243; gutter_size=&#8221;3&#8243; overlay_alpha=&#8221;50&#8243; shift_x=&#8221;0&#8243; shift_y=&#8221;0&#8243; shift_y_down=&#8221;0&#8243; z_index=&#8221;0&#8243; medium_width=&#8221;0&#8243; mobile_width=&#8221;0&#8243; css_animation=&#8221;right-t-left&#8221; width=&#8221;2\/3&#8243;][vc_empty_space empty_h=&#8221;2&#8243;][vc_separator sep_color=&#8221;color-wvjs&#8221;][vc_column_text uncode_shortcode_id=&#8221;152068&#8243;]<\/p>\n<p class=\"p1\"><strong>Facciamo insieme la PEC!<\/strong><\/p>\n<p>Richiedi una consulenza con il nostro esperto. Per fare la PEC ti servono solo i seguenti dati:<\/p>\n<p><strong>Dati dell\u2019associazione:<\/strong><\/p>\n<ul>\n<li>Nome dell\u2019associazione<\/li>\n<li>Indirizzo della sede principale<\/li>\n<li>Codice fiscale<\/li>\n<li>Partita IVA (se disponibile)<\/li>\n<li>Telefono<\/li>\n<li>E-Mail<\/li>\n<\/ul>\n<p><strong>Dati del legale rappresentante dell&#8217;associazione:<\/strong><\/p>\n<ul>\n<li>Nome e cognome<\/li>\n<li>Codice fiscale<\/li>\n<li>Indirizzo<\/li>\n<li>Telefono<\/li>\n<li>Email<\/li>\n<\/ul>\n<p>[\/vc_column_text][vc_column_text uncode_shortcode_id=&#8221;141400&#8243;]<b>La Posta Elettronica Certificata (PEC) \u00e8 il sistema che consente di inviare e-mail con valore legale equiparato ad una raccomandata con ricevuta di ritorno, come stabilito dalla vigente normativa (DPR 11 Febbraio 2005 n.68). <\/b><\/p>\n<p>Il Funzionamento della \u201cPEC\u201d \u00e8 pressoch\u00e9 uguale a quello di una normale casella di Posta Elettronica, in realt\u00e0 grazie alle caratteristiche tecniche aggiuntive, il procedimento diventa tale da fornire agli utenti la certezza (a valore legale) dell\u2019invio e della consegna (o della mancata consegna) delle e-mail al destinatario. Cos\u00ec come appunto accade in senso pratico con l\u2019addetto postale quando fisicamente recapita la raccomandata e si fa firmare la ricevuta di avvenuta di consegna. Ecco perch\u00e9 <b>la Posta Elettronica Certificata viene integralmente equiparata dando ad essa il medesimo valore legale della raccomandata con ricevuta di ritorno. <\/b>La procedura oltre a provvedere ovviamente al recapito del messaggio produrr\u00e0 l\u2019attestazione dell\u2019orario esatto di spedizione ed inoltre, il sistema di Posta Certificata, grazie ai protocolli di sicurezza utilizzati, \u00e8 in grado di garantire la certezza del contenuto non rendendo possibili modifiche al messaggio, sia per quanto riguarda il testo che eventuali allegati. Il termine \u201cCertificata\u201d si riferisce al fatto che il gestore del servizio rilascia al mittente una ricevuta che costituisce prova legale dell\u2019avvenuta spedizione del messaggio ed eventuali allegati. Allo stesso modo, il gestore della casella PEC del destinatario sempre in maniera automatica invier\u00e0 al mittente la ricevuta di avvenuta consegna.[\/vc_column_text][vc_column_text uncode_shortcode_id=&#8221;975743&#8243;]I concreti vantaggi della PEC:<\/p>\n<ul>\n<li>\u00c8 <b>semplice da usare<\/b>, proprio come una casella di posta elettronica ordinaria<\/li>\n<li>Ha lo stesso <b>valore legale <\/b>della raccomandata con ricevuta di ritorno<\/li>\n<li>Permette la <b>certificazione immediata <\/b>di contenuto, data e ora di spedizione e autenticit\u00e0 della casella del mittente<\/li>\n<li>Garantisce l\u2019<b>integrit\u00e0 del contenuto <\/b>grazie ai protocolli di sicurezza utilizzati<\/li>\n<li>Permette di <b>tagliare i costi di spedizione<\/b><\/li>\n<\/ul>\n<p>[\/vc_column_text][\/vc_column][\/vc_row][vc_row][vc_column width=&#8221;1\/1&#8243;][vc_empty_space empty_h=&#8221;2&#8243;][\/vc_column][\/vc_row]<\/p>\n<\/div>","protected":false},"excerpt":{"rendered":"<p>[vc_row row_height_percent=&#8221;0&#8243; overlay_alpha=&#8221;50&#8243; gutter_size=&#8221;3&#8243; column_width_percent=&#8221;100&#8243; shift_y=&#8221;0&#8243; z_index=&#8221;0&#8243; medium_visibility=&#8221;yes&#8221; mobile_visibility=&#8221;yes&#8221; inverted_device_order=&#8221;yes&#8221;][vc_column width=&#8221;1\/1&#8243;][uncode_slider slider_interval=&#8221;5000&#8243; slider_navspeed=&#8221;400&#8243; slider_loop=&#8221;yes&#8221; slider_hide_arrows=&#8221;yes&#8221; slider_dot_position=&#8221;left&#8221; slider_dot_width=&#8221;limit&#8221; slider_width_percent=&#8221;100&#8243; h_padding=&#8221;2&#8243; slider_dot_align=&#8221;left&#8221;][vc_row_inner [&hellip;]<\/p>\n","protected":false},"author":3,"featured_media":0,"parent":0,"menu_order":12,"comment_status":"closed","ping_status":"closed","template":"","meta":{"_acf_changed":false,"footnotes":""},"class_list":["post-97398","page","type-page","status-publish","hentry"],"acf":[],"_links":{"self":[{"href":"https:\/\/dze-csv.it\/it\/wp-json\/wp\/v2\/pages\/97398","targetHints":{"allow":["GET"]}}],"collection":[{"href":"https:\/\/dze-csv.it\/it\/wp-json\/wp\/v2\/pages"}],"about":[{"href":"https:\/\/dze-csv.it\/it\/wp-json\/wp\/v2\/types\/page"}],"author":[{"embeddable":true,"href":"https:\/\/dze-csv.it\/it\/wp-json\/wp\/v2\/users\/3"}],"replies":[{"embeddable":true,"href":"https:\/\/dze-csv.it\/it\/wp-json\/wp\/v2\/comments?post=97398"}],"version-history":[{"count":14,"href":"https:\/\/dze-csv.it\/it\/wp-json\/wp\/v2\/pages\/97398\/revisions"}],"predecessor-version":[{"id":109298,"href":"https:\/\/dze-csv.it\/it\/wp-json\/wp\/v2\/pages\/97398\/revisions\/109298"}],"wp:attachment":[{"href":"https:\/\/dze-csv.it\/it\/wp-json\/wp\/v2\/media?parent=97398"}],"curies":[{"name":"wp","href":"https:\/\/api.w.org\/{rel}","templated":true}]}}